{"id":99,"date":"2020-03-12T20:55:12","date_gmt":"2020-03-12T18:55:12","guid":{"rendered":"https:\/\/www.asagao.fi\/?page_id=99"},"modified":"2023-12-21T22:36:23","modified_gmt":"2023-12-21T20:36:23","slug":"filosofia","status":"publish","type":"page","link":"https:\/\/www.asagao.fi\/?page_id=99","title":{"rendered":"Kasvatusfilosofia"},"content":{"rendered":"\n<p>Shiba on japanilainen pystykorva, jota on alkujaan k\u00e4ytetty mets\u00e4styksess\u00e4. Nyky\u00e4\u00e4n useimmat shibat el\u00e4v\u00e4t koti- ja seurakoirina, mutta pyrin jalostusty\u00f6ss\u00e4ni s\u00e4ilytt\u00e4m\u00e4\u00e4n mahdollisimman paljon shiballe tyypillisi\u00e4 ominaisuuksia \u2013 my\u00f6s niit\u00e4, jotka soveltuvat mets\u00e4stysk\u00e4ytt\u00f6\u00f6n.<\/p>\n\n\n\n<figure class=\"wp-block-image size-large is-resized is-style-default\"><img loading=\"lazy\" decoding=\"async\" width=\"500\" height=\"750\" src=\"https:\/\/www.asagao.fi\/wp-content\/uploads\/2020\/03\/IMG_0102500.jpg\" alt=\"\" class=\"wp-image-156\" style=\"width:350px\" srcset=\"https:\/\/www.asagao.fi\/wp-content\/uploads\/2020\/03\/IMG_0102500.jpg 500w, https:\/\/www.asagao.fi\/wp-content\/uploads\/2020\/03\/IMG_0102500-200x300.jpg 200w\" sizes=\"auto, (max-width: 500px) 100vw, 500px\" \/><\/figure>\n\n\n\n<p>Pyrin k\u00e4ytt\u00e4m\u00e4\u00e4n jalostukseen terveeksi tutkittuja, hyv\u00e4luontoisia ja rodunomaisia shiboja. Kaikki omat koirani tutkitaan v\u00e4hint\u00e4\u00e4n lonkkien, kyyn\u00e4rien, sel\u00e4n (LTV, VA), polvien ja silmien osalta. Samaa suosittelen my\u00f6s kasvattieni omistajille, sill\u00e4 kasvattien terveystutkimukset auttavat paitsi omassa kasvatusty\u00f6ss\u00e4ni  ja koko rodun jalostuksessa, niin my\u00f6s kyseisen koiran terveyden el\u00e4m\u00e4nmittaisessa yll\u00e4pidossa ja edist\u00e4misess\u00e4.  <\/p>\n\n\n\n<figure class=\"wp-block-image size-large\"><img loading=\"lazy\" decoding=\"async\" width=\"888\" height=\"500\" src=\"https:\/\/www.asagao.fi\/wp-content\/uploads\/2020\/03\/DSC_101418258_500.jpg\" alt=\"\" class=\"wp-image-140\" srcset=\"https:\/\/www.asagao.fi\/wp-content\/uploads\/2020\/03\/DSC_101418258_500.jpg 888w, https:\/\/www.asagao.fi\/wp-content\/uploads\/2020\/03\/DSC_101418258_500-300x169.jpg 300w, https:\/\/www.asagao.fi\/wp-content\/uploads\/2020\/03\/DSC_101418258_500-768x432.jpg 768w\" sizes=\"auto, (max-width: 706px) 89vw, (max-width: 767px) 82vw, 740px\" \/><\/figure>\n\n\n\n<p>Shibaa on yleisesti pidetty varsin terveen\u00e4 rotuna, pitk\u00e4lti sen alkukantaisuuden takia. Valitettavasti my\u00f6s shiboilla on tiettyj\u00e4 perinn\u00f6llisi\u00e4 sairauksia ja vikoja. Suomessa haasteena on pieni koirapopulaatio ja suosittujen urosten runsas jalostusk\u00e4ytt\u00f6. Jotta rotu voisi kokonaisuudessaan hyvin ja olisi elinvoimainen, tulisi panostaa paitsi jalostuskoirien terveyteen, my\u00f6s geenipoolin moninaisuuteen. Mit\u00e4 l\u00e4hempi\u00e4 sukulaisia populaation koirat toisilleen ovat, sit\u00e4 nopeammin yleistyv\u00e4t perinn\u00f6lliset viat. <\/p>\n\n\n\n<figure class=\"wp-block-image size-large\"><img loading=\"lazy\" decoding=\"async\" width=\"750\" height=\"500\" src=\"https:\/\/www.asagao.fi\/wp-content\/uploads\/2020\/03\/IMG_0787_500.jpg\" alt=\"\" class=\"wp-image-180\" srcset=\"https:\/\/www.asagao.fi\/wp-content\/uploads\/2020\/03\/IMG_0787_500.jpg 750w, https:\/\/www.asagao.fi\/wp-content\/uploads\/2020\/03\/IMG_0787_500-300x200.jpg 300w\" sizes=\"auto, (max-width: 706px) 89vw, (max-width: 767px) 82vw, 740px\" \/><\/figure>\n\n\n\n<p>Asagaon pennut kasvavat kotioloissa ja tottuvat alusta asti normaaliin el\u00e4m\u00e4\u00e4n, sen ilmi\u00f6ihin ja \u00e4\u00e4niin. Pentuja k\u00e4sitell\u00e4\u00e4n p\u00e4ivitt\u00e4in ja niiden kehityst\u00e4 seurataan tiiviisti. Noin kolmen viikon ik\u00e4isest\u00e4 alkaen pennut p\u00e4\u00e4sev\u00e4t tutustumaan eri-ik\u00e4isiin ihmisiin, erilaisiin alustoihin, autoiluun, ulkoiluun sek\u00e4 tuttuihin ja kiltteihin aikuisiin koiriin.<\/p>\n\n\n\n<p class=\"has-text-align-left\"><img loading=\"lazy\" decoding=\"async\" width=\"193\" height=\"246\" class=\"wp-image-245\" style=\"width: 193px;\" src=\"https:\/\/www.asagao.fi\/wp-content\/uploads\/2020\/03\/IMG_3361_750.jpg\" alt=\"\" srcset=\"https:\/\/www.asagao.fi\/wp-content\/uploads\/2020\/03\/IMG_3361_750.jpg 897w, https:\/\/www.asagao.fi\/wp-content\/uploads\/2020\/03\/IMG_3361_750-235x300.jpg 235w, https:\/\/www.asagao.fi\/wp-content\/uploads\/2020\/03\/IMG_3361_750-804x1024.jpg 804w, https:\/\/www.asagao.fi\/wp-content\/uploads\/2020\/03\/IMG_3361_750-768x979.jpg 768w\" sizes=\"auto, (max-width: 193px) 100vw, 193px\" \/>   <img loading=\"lazy\" decoding=\"async\" width=\"327\" height=\"245\" class=\"wp-image-179\" style=\"width: 327px;\" src=\"https:\/\/www.asagao.fi\/wp-content\/uploads\/2020\/03\/DSC_0150_118242_500.jpg\" alt=\"\" srcset=\"https:\/\/www.asagao.fi\/wp-content\/uploads\/2020\/03\/DSC_0150_118242_500.jpg 666w, https:\/\/www.asagao.fi\/wp-content\/uploads\/2020\/03\/DSC_0150_118242_500-300x225.jpg 300w\" sizes=\"auto, (max-width: 327px) 100vw, 327px\" \/>   <img loading=\"lazy\" decoding=\"async\" width=\"523\" height=\"294\" class=\"wp-image-178\" style=\"width: 523px;\" src=\"https:\/\/www.asagao.fi\/wp-content\/uploads\/2020\/03\/DSC_114618253_500.jpg\" alt=\"\" srcset=\"https:\/\/www.asagao.fi\/wp-content\/uploads\/2020\/03\/DSC_114618253_500.jpg 888w, https:\/\/www.asagao.fi\/wp-content\/uploads\/2020\/03\/DSC_114618253_500-300x169.jpg 300w, https:\/\/www.asagao.fi\/wp-content\/uploads\/2020\/03\/DSC_114618253_500-768x432.jpg 768w\" sizes=\"auto, (max-width: 523px) 100vw, 523px\" \/><\/p>\n\n\n\n<p>Pennut luovutetaan noin kahdeksan viikon ik\u00e4isest\u00e4 alkaen Ruokaviraston Koirarekisteriin ja Suomen Kennelliittoon rekister\u00f6ityin\u00e4, sirutettuina, madotettuina ja el\u00e4inl\u00e4\u00e4k\u00e4rin tarkastamina. Pennut saavat mukaansa pienen pentupaketin, jossa on mukana muun muassa pennulle tuttua ruokaa, ruokinta- ja hoito-ohjeet sek\u00e4 tutun tuoksuisia leluja.<\/p>\n\n\n\n<figure class=\"wp-block-image size-large\"><img loading=\"lazy\" decoding=\"async\" width=\"750\" height=\"500\" src=\"https:\/\/www.asagao.fi\/wp-content\/uploads\/2020\/03\/IMG_3874_500.jpg\" alt=\"\" class=\"wp-image-235\" srcset=\"https:\/\/www.asagao.fi\/wp-content\/uploads\/2020\/03\/IMG_3874_500.jpg 750w, https:\/\/www.asagao.fi\/wp-content\/uploads\/2020\/03\/IMG_3874_500-300x200.jpg 300w\" sizes=\"auto, (max-width: 706px) 89vw, (max-width: 767px) 82vw, 740px\" \/><\/figure>\n\n\n\n<p class=\"has-text-align-left\"> Terveytt\u00e4 ei yksik\u00e4\u00e4n kasvattaja voi varmuudella luvata, mutta teen parhaani, jotta pennut saisivat parhaat mahdolliset l\u00e4ht\u00f6kohdat el\u00e4m\u00e4\u00e4n. Odotan, ett\u00e4 kasvattini tutkitaan perinn\u00f6llisten sairauksien ja vikojen vastustamisohjelman (PEVISA) mukaisesti 15-24 kuukauden i\u00e4ss\u00e4. <\/p>\n\n\n\n<p>Toivon, ett\u00e4 kasvattini k\u00e4ytet\u00e4\u00e4n kerran tai kaksi koiran\u00e4yttelyss\u00e4, jotta koiran rakenteesta ja rodunomaisuudesta saadaan virallinen arvio. Tarvittaessa autan mielell\u00e4ni l\u00e4hialueen n\u00e4yttelyiss\u00e4, jos n\u00e4yttelymaailma on pennun uudelle kodille vieras.<\/p>\n\n\n\n<figure class=\"wp-block-image size-large is-resized\"><img loading=\"lazy\" decoding=\"async\" width=\"500\" height=\"750\" src=\"https:\/\/www.asagao.fi\/wp-content\/uploads\/2020\/03\/IMG_6345_500.jpg\" alt=\"\" class=\"wp-image-205\" style=\"width:350px\" srcset=\"https:\/\/www.asagao.fi\/wp-content\/uploads\/2020\/03\/IMG_6345_500.jpg 500w, https:\/\/www.asagao.fi\/wp-content\/uploads\/2020\/03\/IMG_6345_500-200x300.jpg 200w\" sizes=\"auto, (max-width: 500px) 100vw, 500px\" \/><\/figure>\n\n\n\n<p>Toivon my\u00f6s, ett\u00e4 kasvattien kodit pit\u00e4v\u00e4t yhteytt\u00e4 ja kertovat kasvattieni kuulumisista. Jokainen kasvatti on minulle t\u00e4rke\u00e4. Kenneltapaamisia pyrin j\u00e4rjest\u00e4m\u00e4\u00e4n mahdollisuuksien mukaan.<\/p>\n","protected":false},"excerpt":{"rendered":"<p>Shiba on japanilainen pystykorva, jota on alkujaan k\u00e4ytetty mets\u00e4styksess\u00e4. Nyky\u00e4\u00e4n useimmat shibat el\u00e4v\u00e4t koti- ja seurakoirina, mutta pyrin jalostusty\u00f6ss\u00e4ni s\u00e4ilytt\u00e4m\u00e4\u00e4n mahdollisimman paljon shiballe tyypillisi\u00e4 ominaisuuksia \u2013 my\u00f6s niit\u00e4, jotka soveltuvat mets\u00e4stysk\u00e4ytt\u00f6\u00f6n. Pyrin k\u00e4ytt\u00e4m\u00e4\u00e4n jalostukseen terveeksi tutkittuja, hyv\u00e4luontoisia ja rodunomaisia shiboja. Kaikki omat koirani tutkitaan v\u00e4hint\u00e4\u00e4n lonkkien, kyyn\u00e4rien, sel\u00e4n (LTV, VA), polvien ja silmien osalta. Samaa &hellip; <\/p>\n<p class=\"link-more\"><a href=\"https:\/\/www.asagao.fi\/?page_id=99\" class=\"more-link\">Jatka lukemista<span class=\"screen-reader-text\"> &#8220;Kasvatusfilosofia&#8221;<\/span><\/a><\/p>\n","protected":false},"author":1,"featured_media":0,"parent":0,"menu_order":0,"comment_status":"closed","ping_status":"closed","template":"","meta":{"footnotes":""},"class_list":["post-99","page","type-page","status-publish","hentry"],"_links":{"self":[{"href":"https:\/\/www.asagao.fi\/index.php?rest_route=\/wp\/v2\/pages\/99","targetHints":{"allow":["GET"]}}],"collection":[{"href":"https:\/\/www.asagao.fi\/index.php?rest_route=\/wp\/v2\/pages"}],"about":[{"href":"https:\/\/www.asagao.fi\/index.php?rest_route=\/wp\/v2\/types\/page"}],"author":[{"embeddable":true,"href":"https:\/\/www.asagao.fi\/index.php?rest_route=\/wp\/v2\/users\/1"}],"replies":[{"embeddable":true,"href":"https:\/\/www.asagao.fi\/index.php?rest_route=%2Fwp%2Fv2%2Fcomments&post=99"}],"version-history":[{"count":52,"href":"https:\/\/www.asagao.fi\/index.php?rest_route=\/wp\/v2\/pages\/99\/revisions"}],"predecessor-version":[{"id":347,"href":"https:\/\/www.asagao.fi\/index.php?rest_route=\/wp\/v2\/pages\/99\/revisions\/347"}],"wp:attachment":[{"href":"https:\/\/www.asagao.fi\/index.php?rest_route=%2Fwp%2Fv2%2Fmedia&parent=99"}],"curies":[{"name":"wp","href":"https:\/\/api.w.org\/{rel}","templated":true}]}}