{"id":40,"date":"2020-03-12T11:50:24","date_gmt":"2020-03-12T09:50:24","guid":{"rendered":"https:\/\/www.asagao.fi\/?page_id=40"},"modified":"2020-03-19T19:25:49","modified_gmt":"2020-03-19T17:25:49","slug":"yhteydenotto","status":"publish","type":"page","link":"https:\/\/www.asagao.fi\/?page_id=40","title":{"rendered":"Yhteydenotto"},"content":{"rendered":"\n<p class=\"has-text-align-left\"> <img loading=\"lazy\" decoding=\"async\" width=\"250\" height=\"115\" class=\"wp-image-107\" style=\"width: 250px;\" src=\"https:\/\/www.asagao.fi\/wp-content\/uploads\/2020\/03\/asagao_logo_puu18291_600.jpg\" alt=\"\" srcset=\"https:\/\/www.asagao.fi\/wp-content\/uploads\/2020\/03\/asagao_logo_puu18291_600.jpg 600w, https:\/\/www.asagao.fi\/wp-content\/uploads\/2020\/03\/asagao_logo_puu18291_600-300x138.jpg 300w\" sizes=\"auto, (max-width: 250px) 100vw, 250px\" \/><\/p>\n\n\n\n<p class=\"has-text-align-left\">Ota yhteytt\u00e4 alla olevalla lomakkeella, <a href=\"mailto:arro.voutilainen@asagao.fi\">s\u00e4hk\u00f6postitse<\/a>, <a href=\"line:\/\/home\/public\/main?id=340ihnlm\">Linen<\/a> tai <a href=\"https:\/\/www.instagram.com\/shibathehana\/\">Instagramin<\/a> kautta.<\/p>\n\n\n\n<p class=\"has-text-align-left\"><div class=\"everest-forms\"><div class=\"evf-container default\" id=\"evf-44\"><form id=\"evf-form-44\" class=\"everest-form\" data-formid=\"44\" data-ajax_submission=\"0\" data-keyboard_friendly_form=\"0\" data-form_state_type=\"\" method=\"post\" enctype=\"multipart\/form-data\" action=\"\/index.php?rest_route=%2Fwp%2Fv2%2Fpages%2F40\"><div class=\"evf-field-container\"><input type=\"hidden\" id=\"_wpnonce44\" name=\"_wpnonce44\" value=\"91daba847e\" \/><input type=\"hidden\" name=\"_wp_http_referer\" value=\"\/index.php?rest_route=%2Fwp%2Fv2%2Fpages%2F40\" \/><div class=\"evf-frontend-row\" data-row=\"row_1\" conditional_rules=\"[]\"><div class=\"evf-frontend-grid evf-grid-1\" data-grid=\"grid_1\"><div id=\"evf-44-field_ys0GeZISRs-1-container\" class=\"evf-field evf-field-first-name form-row validate-required\" data-required-field-message=\"Pakollinen kentt\u00e4\" data-field-id=\"ys0GeZISRs-1\"><label class=\"evf-field-label\" for=\"evf-44-field_ys0GeZISRs-1\"><span class=\"evf-label\">Nimi<\/span> <abbr class=\"required\" title=\"Required\">*<\/abbr><\/label><input type=\"text\" id=\"evf-44-field_ys0GeZISRs-1\" class=\"input-text\" name=\"everest_forms[form_fields][ys0GeZISRs-1]\" required><\/div><div id=\"evf-44-field_LbH5NxasXM-2-container\" class=\"evf-field evf-field-email form-row validate-required validate-email\" data-required-field-message=\"Sy\u00f6t\u00e4 s\u00e4hk\u00f6postiosoite\" data-field-id=\"LbH5NxasXM-2\"><label class=\"evf-field-label\" for=\"evf-44-field_LbH5NxasXM-2\"><span class=\"evf-label\">S\u00e4hk\u00f6postiosoite<\/span> <abbr class=\"required\" title=\"Required\">*<\/abbr><\/label><input type=\"email\" id=\"evf-44-field_LbH5NxasXM-2\" class=\"input-text\" name=\"everest_forms[form_fields][LbH5NxasXM-2]\" required ><\/div><div id=\"evf-44-field_66FR384cge-3-container\" class=\"evf-field evf-field-text form-row validate-required\" data-required-field-message=\"Pakollinen kentt\u00e4\" data-field-id=\"66FR384cge-3\"><label class=\"evf-field-label\" for=\"evf-44-field_66FR384cge-3\"><span class=\"evf-label\">Aihe<\/span> <abbr class=\"required\" title=\"Required\">*<\/abbr><\/label><input type=\"text\" id=\"evf-44-field_66FR384cge-3\" class=\"input-text\" name=\"everest_forms[form_fields][66FR384cge-3]\" required><\/div><div id=\"evf-44-field_yhGx3FOwr2-4-container\" class=\"evf-field evf-field-textarea form-row validate-required\" data-required-field-message=\"Pakollinen kentt\u00e4\" data-field-id=\"yhGx3FOwr2-4\"><label class=\"evf-field-label\" for=\"evf-44-field_yhGx3FOwr2-4\"><span class=\"evf-label\">Viesti<\/span> <abbr class=\"required\" title=\"Required\">*<\/abbr><\/label><textarea id=\"evf-44-field_yhGx3FOwr2-4\" class=\"input-text\" name=\"everest_forms[form_fields][yhGx3FOwr2-4]\" required ><\/textarea><\/div><\/div><\/div><\/div><div class=\"evf-honeypot-container evf-field-hp\"><label for=\"evf-44-field-hp\" class=\"evf-field-label\">Message<\/label><input type=\"text\" name=\"everest_forms[hp]\" id=\"evf-44-field-hp\" class=\"input-text\"><\/div><div class=\"evf-submit-container \" ><input type=\"hidden\" name=\"everest_forms[id]\" value=\"44\"><input type=\"hidden\" name=\"everest_forms[author]\" value=\"1\"><button type='submit' name='everest_forms[submit]' class='everest-forms-submit-button button evf-submit ' id='evf-submit-44' value='evf-submit' data-process-text=\"L\u00e4hett\u00e4\u00e4...\" conditional_rules='&quot;&quot;' conditional_id='evf-submit-44'  id=\"evf-submit-44\" aria-live=\"assertive\">L\u00e4het\u00e4<\/button><\/div><\/form><\/div><!-- .evf-container --><\/div><\/p>\n","protected":false},"excerpt":{"rendered":"<p>Ota yhteytt\u00e4 alla olevalla lomakkeella, s\u00e4hk\u00f6postitse, Linen tai Instagramin kautta.<\/p>\n","protected":false},"author":1,"featured_media":0,"parent":0,"menu_order":0,"comment_status":"closed","ping_status":"closed","template":"","meta":{"footnotes":""},"class_list":["post-40","page","type-page","status-publish","hentry"],"_links":{"self":[{"href":"https:\/\/www.asagao.fi\/index.php?rest_route=\/wp\/v2\/pages\/40","targetHints":{"allow":["GET"]}}],"collection":[{"href":"https:\/\/www.asagao.fi\/index.php?rest_route=\/wp\/v2\/pages"}],"about":[{"href":"https:\/\/www.asagao.fi\/index.php?rest_route=\/wp\/v2\/types\/page"}],"author":[{"embeddable":true,"href":"https:\/\/www.asagao.fi\/index.php?rest_route=\/wp\/v2\/users\/1"}],"replies":[{"embeddable":true,"href":"https:\/\/www.asagao.fi\/index.php?rest_route=%2Fwp%2Fv2%2Fcomments&post=40"}],"version-history":[{"count":17,"href":"https:\/\/www.asagao.fi\/index.php?rest_route=\/wp\/v2\/pages\/40\/revisions"}],"predecessor-version":[{"id":280,"href":"https:\/\/www.asagao.fi\/index.php?rest_route=\/wp\/v2\/pages\/40\/revisions\/280"}],"wp:attachment":[{"href":"https:\/\/www.asagao.fi\/index.php?rest_route=%2Fwp%2Fv2%2Fmedia&parent=40"}],"curies":[{"name":"wp","href":"https:\/\/api.w.org\/{rel}","templated":true}]}}