{"id":37,"date":"2020-03-12T11:40:30","date_gmt":"2020-03-12T09:40:30","guid":{"rendered":"https:\/\/www.asagao.fi\/?page_id=37"},"modified":"2021-02-20T12:54:36","modified_gmt":"2021-02-20T10:54:36","slug":"keta-olemme","status":"publish","type":"page","link":"https:\/\/www.asagao.fi\/","title":{"rendered":"Kennel Asagao"},"content":{"rendered":"\n<p class=\"has-text-align-left\">Olemme pieni, maltillisesti shiban pentuja tuottava kotikennel, jonka jokainen pentue syntyy huolellisen harkinnan tuloksena. Sijaitsemme Porvoossa, mutta sukkuloimme Porvoon ja Pohjois-Karjalan v\u00e4lill\u00e4.<\/p>\n\n\n\n<figure class=\"wp-block-image size-large\"><img loading=\"lazy\" decoding=\"async\" width=\"750\" height=\"500\" src=\"https:\/\/www.asagao.fi\/wp-content\/uploads\/2020\/03\/MG_2770_k500.jpg\" alt=\"\" class=\"wp-image-151\" srcset=\"https:\/\/www.asagao.fi\/wp-content\/uploads\/2020\/03\/MG_2770_k500.jpg 750w, https:\/\/www.asagao.fi\/wp-content\/uploads\/2020\/03\/MG_2770_k500-300x200.jpg 300w\" sizes=\"auto, (max-width: 706px) 89vw, (max-width: 767px) 82vw, 740px\" \/><\/figure>\n\n\n\n<p>Jos shiba tuntuu omalta rodulta, tai shibat muuten vain kiinnostavat, ota rohkeasti <a href=\"https:\/\/www.asagao.fi\/?page_id=40\">yhteytt\u00e4<\/a>.<\/p>\n\n\n\n<figure class=\"wp-block-image size-large\"><img loading=\"lazy\" decoding=\"async\" width=\"750\" height=\"500\" src=\"https:\/\/www.asagao.fi\/wp-content\/uploads\/2020\/03\/IMG_3660_500.png\" alt=\"\" class=\"wp-image-173\" srcset=\"https:\/\/www.asagao.fi\/wp-content\/uploads\/2020\/03\/IMG_3660_500.png 750w, https:\/\/www.asagao.fi\/wp-content\/uploads\/2020\/03\/IMG_3660_500-300x200.png 300w\" sizes=\"auto, (max-width: 706px) 89vw, (max-width: 767px) 82vw, 740px\" \/><\/figure>\n","protected":false},"excerpt":{"rendered":"<p>Olemme pieni, maltillisesti shiban pentuja tuottava kotikennel, jonka jokainen pentue syntyy huolellisen harkinnan tuloksena. Sijaitsemme Porvoossa, mutta sukkuloimme Porvoon ja Pohjois-Karjalan v\u00e4lill\u00e4. Jos shiba tuntuu omalta rodulta, tai shibat muuten vain kiinnostavat, ota rohkeasti yhteytt\u00e4.<\/p>\n","protected":false},"author":1,"featured_media":0,"parent":0,"menu_order":0,"comment_status":"closed","ping_status":"closed","template":"","meta":{"footnotes":""},"class_list":["post-37","page","type-page","status-publish","hentry"],"_links":{"self":[{"href":"https:\/\/www.asagao.fi\/index.php?rest_route=\/wp\/v2\/pages\/37","targetHints":{"allow":["GET"]}}],"collection":[{"href":"https:\/\/www.asagao.fi\/index.php?rest_route=\/wp\/v2\/pages"}],"about":[{"href":"https:\/\/www.asagao.fi\/index.php?rest_route=\/wp\/v2\/types\/page"}],"author":[{"embeddable":true,"href":"https:\/\/www.asagao.fi\/index.php?rest_route=\/wp\/v2\/users\/1"}],"replies":[{"embeddable":true,"href":"https:\/\/www.asagao.fi\/index.php?rest_route=%2Fwp%2Fv2%2Fcomments&post=37"}],"version-history":[{"count":20,"href":"https:\/\/www.asagao.fi\/index.php?rest_route=\/wp\/v2\/pages\/37\/revisions"}],"predecessor-version":[{"id":315,"href":"https:\/\/www.asagao.fi\/index.php?rest_route=\/wp\/v2\/pages\/37\/revisions\/315"}],"wp:attachment":[{"href":"https:\/\/www.asagao.fi\/index.php?rest_route=%2Fwp%2Fv2%2Fmedia&parent=37"}],"curies":[{"name":"wp","href":"https:\/\/api.w.org\/{rel}","templated":true}]}}